{"id":6,"date":"2015-05-02T06:33:39","date_gmt":"2015-05-02T06:33:39","guid":{"rendered":"https:\/\/isabellemeglinky.com\/?page_id=6"},"modified":"2024-03-05T10:31:48","modified_gmt":"2024-03-05T10:31:48","slug":"about","status":"publish","type":"page","link":"https:\/\/isabellemeglinky.com\/index.php\/about\/","title":{"rendered":"Mon parcours"},"content":{"rendered":"<p>Comme beaucoup d\u2019autodidacte passionn\u00e9e j\u2019ai suivi un parcours particulier et long en passant par l\u2019universit\u00e9 (Sorbonne -Saint Charles), par les \u00e9coles (Ecole du Louvre, Beaux Arts de la ville de Paris\u2026), les ateliers priv\u00e9s ( ARP-Patrice de Pracontal, Atelier du Carrousel\u2026) et par la pratique avec plusieurs artistes en ateliers.<br \/>\nDans ces \u00e9coles j\u2019ai appris diff\u00e9rentes pratiques artistiques : peinture, sculpture, gravure et photographie ainsi que l\u2019histoire de l\u2019art.<\/p>\n<p>J\u2019ai \u00e9galement enseign\u00e9 le dessin d\u2019observation et la peinture aux Ateliers du carrousel ainsi que dans des stages priv\u00e9s.<br \/>\nUne formation en arth\u00e9rapie (\u00c9cole\/Atelier Les Pinceaux et stage professionnalisant) me permet \u00e9galement d\u2019animer des ateliers aupr\u00e8s de personnes en handicape.<br \/>\nInscrite \u00e0 la Maison des Artistes depuis 1996, mon travail (peinture, sculpture, photographie) a \u00e9t\u00e9 r\u00e9guli\u00e8rement expos\u00e9 en France\u00a0 et \u00e0 l\u2019\u00e9tranger (galeries, salons).<\/p>\n","protected":false},"excerpt":{"rendered":"<p>Comme beaucoup d\u2019autodidacte passionn\u00e9e j\u2019ai suivi un parcours particulier et long en passant par l\u2019universit\u00e9 (Sorbonne -Saint Charles), par les \u00e9coles (Ecole du Louvre, Beaux Arts de la ville de Paris\u2026), les ateliers priv\u00e9s ( ARP-Patrice de Pracontal, Atelier du Carrousel\u2026) et par la pratique avec plusieurs artistes en ateliers. Dans ces \u00e9coles j\u2019ai appris [&hellip;]<\/p>\n","protected":false},"author":1,"featured_media":0,"parent":0,"menu_order":0,"comment_status":"open","ping_status":"closed","template":"","meta":{"footnotes":""},"class_list":["post-6","page","type-page","status-publish","hentry"],"_links":{"self":[{"href":"https:\/\/isabellemeglinky.com\/index.php\/wp-json\/wp\/v2\/pages\/6","targetHints":{"allow":["GET"]}}],"collection":[{"href":"https:\/\/isabellemeglinky.com\/index.php\/wp-json\/wp\/v2\/pages"}],"about":[{"href":"https:\/\/isabellemeglinky.com\/index.php\/wp-json\/wp\/v2\/types\/page"}],"author":[{"embeddable":true,"href":"https:\/\/isabellemeglinky.com\/index.php\/wp-json\/wp\/v2\/users\/1"}],"replies":[{"embeddable":true,"href":"https:\/\/isabellemeglinky.com\/index.php\/wp-json\/wp\/v2\/comments?post=6"}],"version-history":[{"count":69,"href":"https:\/\/isabellemeglinky.com\/index.php\/wp-json\/wp\/v2\/pages\/6\/revisions"}],"predecessor-version":[{"id":1040,"href":"https:\/\/isabellemeglinky.com\/index.php\/wp-json\/wp\/v2\/pages\/6\/revisions\/1040"}],"wp:attachment":[{"href":"https:\/\/isabellemeglinky.com\/index.php\/wp-json\/wp\/v2\/media?parent=6"}],"curies":[{"name":"wp","href":"https:\/\/api.w.org\/{rel}","templated":true}]}}